{"id":2,"date":"2016-12-13T11:03:02","date_gmt":"2016-12-13T11:03:02","guid":{"rendered":"https:\/\/autoquartett.driving.legal\/?page_id=2"},"modified":"2017-01-01T21:34:45","modified_gmt":"2017-01-01T21:34:45","slug":"about","status":"publish","type":"page","link":"https:\/\/autoquartett.driving.legal\/","title":{"rendered":"About"},"content":{"rendered":"<div id=\"dslc-content\" class=\"dslc-content dslc-clearfix\"><div id=\"dslc-header\" class=\"dslc-header-pos-fixed \" data-hf >\r\n\t\t\t<div  class=\"dslc-modules-section  dslc-hide-on-tablet  dslc-hide-on-phone \" style=\"padding-bottom:5px;padding-top:5px;background-color:rgba(154, 154, 154, 0);border-color:rgb(253, 73, 112);border-right-style: hidden; border-bottom-style: hidden; border-left-style: hidden; \" data-section-id=\"\">\r\n\t\t\t\t<div class=\"dslc-bg-video dslc-force-show\"><div class=\"dslc-bg-video-overlay\" style=\"background-color:rgb(248,248,248); opacity:1; \"><\/div><\/div>\r\n\t\t\t\t\r\n\t\t\t\t<div class=\"dslc-modules-section-wrapper dslc-clearfix\"> <style type=\"text\/css\" id=\"dslca-modules-area-\"><\/style><div  class=\"dslc-modules-area dslc-col dslc-3-col dslc-first-col\" data-size=\"3\" data-valign=\"\" data-modules-area-id=\"\" >\r\n\t\t<div id=\"dslc-module-31\" class=\"dslc-module-front dslc-module-DSLC_Image dslc-in-viewport-check dslc-in-viewport-anim-none  dslc-col dslc-12-col  dslc-module-handle-like-regular \" data-module-id=\"31\" data-module=\"DSLC_Image\" data-dslc-module-size=\"12\" data-dslc-anim=\"none\" data-dslc-anim-delay=\"0\" data-dslc-anim-duration=\"650\"  data-dslc-anim-easing=\"ease\" data-dslc-preset=\"none\" >\r\n\r\n\t\t\t\r\n\t\t\t\r\n\t\t\t\t<div class=\"dslc-image-container\">\n\t\t<div class=\"dslc-image\">\n\n\t\t\t\n\t\t\t\t\n\t\t\t\t\t\t\t\t\t<img src=\"https:\/\/autoquartett.driving.legal\/wp-content\/uploads\/2016\/12\/Logo-140x41.png\" alt=\"\" title=\"\"   \/>\n\t\t\t\t\n\t\t\t\t\t\t\t\t\t<\/div><!-- .dslc-image -->\n\t\t<\/div>\n\t\t\r\n\t\t\t\t<\/div><!-- .dslc-module -->\r\n\t\t<\/div> <style type=\"text\/css\" id=\"dslca-modules-area-\"><\/style><div  class=\"dslc-modules-area dslc-col dslc-6-col \" data-size=\"6\" data-valign=\"\" data-modules-area-id=\"\" >\r\n\t\t<div id=\"dslc-module-13\" class=\"dslc-module-front dslc-module-DSLC_Navigation dslc-in-viewport-check dslc-in-viewport-anim-none  dslc-col dslc-12-col dslc-hide-on-tablet dslc-hide-on-phone  dslc-module-handle-like-regular \" data-module-id=\"13\" data-module=\"DSLC_Navigation\" data-dslc-module-size=\"12\" data-dslc-anim=\"none\" data-dslc-anim-delay=\"0\" data-dslc-anim-duration=\"650\"  data-dslc-anim-easing=\"default\" data-dslc-preset=\"none\" >\r\n\r\n\t\t\t\r\n\t\t\t\r\n\t\t\t\t\t<div class=\"dslc-navigation dslc-navigation-sub-position-default dslc-navigation-res-t-enabled dslc-navigation-res-p-enabled dslc-navigation-orientation-horizontal\">\n\t\t\t\t<div class=\"dslc-navigation-inner\">\n\t\t\t\t\t<div class=\"menu-menue-container\"><ul id=\"menu-menue\" class=\"menu\"><li id=\"menu-item-48\" class=\"menu-item menu-item-type-post_type menu-item-object-page menu-item-home current-menu-item page_item page-item-2 current_page_item menu-item-48\"><a href=\"https:\/\/autoquartett.driving.legal\/\" aria-current=\"page\">ABOUT<\/a><\/li>\n<li id=\"menu-item-177\" class=\"menu-item menu-item-type-post_type menu-item-object-page menu-item-177\"><a href=\"https:\/\/autoquartett.driving.legal\/?page_id=175\">HOME<\/a><\/li>\n<li id=\"menu-item-217\" class=\"menu-item menu-item-type-custom menu-item-object-custom menu-item-217\"><a href=\"http:\/\/driving.legal\">DRIVING LEGAL<\/a><\/li>\n<\/ul><\/div>\n\t\t\t\t\t\t\t\t\t<\/div>\n\t\t\t<\/div>\n\t\t\t<div class=\"dslc-mobile-navigation dslc-navigation-res-t-enabled  dslc-navigation-res-p-enabled\">\n\t\t\t\t<select><option>- Select -<\/option><option value=\"https:\/\/autoquartett.driving.legal\/\" >ABOUT<\/option><option value=\"https:\/\/autoquartett.driving.legal\/?page_id=175\" >HOME<\/option><option value=\"http:\/\/driving.legal\" >DRIVING LEGAL<\/option><\/select>\n\t\t\t\t<div class=\"dslc-mobile-navigation-hook\"><span class=\"dslc-icon dslc-icon-reorder\"><\/span><\/div>\n\t\t\t<\/div><!-- .dslc-mobile-navigation -->\n\n\t\t\t\n\t\t\t<script type=\"text\/javascript\">\n\t\t\t\tvar menuItems = document.querySelectorAll( '.dslc-navigation .menu > li.menu-item-has-children:not(.menu-with-arrow) > a' );\n\n\t\t\t\tfor (var i = 0, len = menuItems.length; i < len; i++) {\n\t\t\t\t  menuItems[i].insertAdjacentHTML('afterend', '<span class=\"dslc-navigation-arrow dslc-icon dslc-icon-chevron-down\"><\/span>');\n\t\t\t\t  menuItems[i].parentElement.className += \" menu-with-arrow\";\n\t\t\t\t}\n\t\t\t<\/script>\n\t\t\t\r\n\t\t\t\t<\/div><!-- .dslc-module -->\r\n\t\t<\/div> <\/div><\/div> <\/div><div id=\"dslc-main\">\r\n\t\t\t<div  class=\"dslc-modules-section  dslc-hide-on-phone \" style=\"padding-bottom:130px;padding-top:130px;background-image:url(https:\/\/autoquartett.driving.legal\/wp-content\/uploads\/2016\/12\/cropped-DRIVING-LEGAL_Header_02.jpg);background-repeat:no-repeat;background-position:center top;\" data-section-id=\"\">\r\n\t\t\t\t\r\n\t\t\t\t\r\n\t\t\t\t<div class=\"dslc-modules-section-wrapper dslc-clearfix\"><style type=\"text\/css\" id=\"dslca-modules-area-\"><\/style><div  class=\"dslc-modules-area dslc-col dslc-12-col dslc-last-col\" data-size=\"12\" data-valign=\"\" data-modules-area-id=\"\" ><\/div><\/div><\/div>\r\n\t\t\t<div  class=\"dslc-modules-section  dslc-full  dslc-hide-on-desktop  dslc-hide-on-tablet \" style=\"padding-bottom:0px;padding-top:0px;\" data-section-id=\"\">\r\n\t\t\t\t\r\n\t\t\t\t\r\n\t\t\t\t<div class=\"dslc-modules-section-wrapper dslc-clearfix\"><style type=\"text\/css\" id=\"dslca-modules-area-\"><\/style><div  class=\"dslc-modules-area dslc-col dslc-12-col dslc-last-col\" data-size=\"12\" data-valign=\"\" data-modules-area-id=\"\" >\r\n\t\t<div id=\"dslc-module-32\" class=\"dslc-module-front dslc-module-DSLC_Image dslc-in-viewport-check dslc-in-viewport-anim-none  dslc-col dslc-12-col dslc-last-col  dslc-module-handle-like-regular \" data-module-id=\"32\" data-module=\"DSLC_Image\" data-dslc-module-size=\"12\" data-dslc-anim=\"none\" data-dslc-anim-delay=\"0\" data-dslc-anim-duration=\"650\"  data-dslc-anim-easing=\"ease\" data-dslc-preset=\"none\" >\r\n\r\n\t\t\t\r\n\t\t\t\r\n\t\t\t\t<div class=\"dslc-image-container\">\n\t\t<div class=\"dslc-image\">\n\n\t\t\t\n\t\t\t\t\n\t\t\t\t\t\t\t\t\t<img src=\"https:\/\/autoquartett.driving.legal\/wp-content\/uploads\/2016\/12\/cropped-DRIVING-LEGAL_Header_02.jpg\" alt=\"\" title=\"\" srcset=\"https:\/\/autoquartett.driving.legal\/wp-content\/uploads\/2016\/12\/cropped-DRIVING-LEGAL_Header_02.jpg 1600w, https:\/\/autoquartett.driving.legal\/wp-content\/uploads\/2016\/12\/cropped-DRIVING-LEGAL_Header_02-300x75.jpg 300w, https:\/\/autoquartett.driving.legal\/wp-content\/uploads\/2016\/12\/cropped-DRIVING-LEGAL_Header_02-768x192.jpg 768w, https:\/\/autoquartett.driving.legal\/wp-content\/uploads\/2016\/12\/cropped-DRIVING-LEGAL_Header_02-1024x256.jpg 1024w, https:\/\/autoquartett.driving.legal\/wp-content\/uploads\/2016\/12\/cropped-DRIVING-LEGAL_Header_02-600x150.jpg 600w\" sizes=\"(max-width: 1600px) 100vw, 1600px\" \/>\n\t\t\t\t\n\t\t\t\t\t\t\t\t\t<\/div><!-- .dslc-image -->\n\t\t<\/div>\n\t\t\r\n\t\t\t\t<\/div><!-- .dslc-module -->\r\n\t\t<\/div><\/div><\/div>\r\n\t\t\t<div  class=\"dslc-modules-section \" style=\"padding-bottom:0px;padding-top:0px;\" data-section-id=\"\">\r\n\t\t\t\t\r\n\t\t\t\t\r\n\t\t\t\t<div class=\"dslc-modules-section-wrapper dslc-clearfix\"><style type=\"text\/css\" id=\"dslca-modules-area-\"><\/style><div  class=\"dslc-modules-area dslc-col dslc-12-col dslc-last-col\" data-size=\"12\" data-valign=\"\" data-modules-area-id=\"\" >\r\n\t\t<div id=\"dslc-module-20\" class=\"dslc-module-front dslc-module-DSLC_Separator dslc-in-viewport-check dslc-in-viewport-anim-none  dslc-col dslc-12-col dslc-last-col  dslc-module-handle-like-regular \" data-module-id=\"20\" data-module=\"DSLC_Separator\" data-dslc-module-size=\"12\" data-dslc-anim=\"none\" data-dslc-anim-delay=\"0\" data-dslc-anim-duration=\"650\"  data-dslc-anim-easing=\"ease\" data-dslc-preset=\"none\" >\r\n\r\n\t\t\t\r\n\t\t\t\r\n\t\t\t\t\t<div class=\"dslc-separator-wrapper\">\n\t\t\t\t<div class=\"dslc-separator dslc-separator-style-invisible\">\n\t\t\t\t\t\t\t\t\t<\/div>\n\t\t\t\t<div><\/div>\n\t\t\t<\/div><!-- .dslc-separator-wrapper -->\n\t\t\t\r\n\t\t\t\t<\/div><!-- .dslc-module -->\r\n\t\t\r\n\t\t<div id=\"dslc-module-6f78d6f299d\" class=\"dslc-module-front dslc-module-DSLC_Text_Simple dslc-in-viewport-check dslc-in-viewport-anim-none  dslc-col dslc-12-col dslc-last-col  dslc-module-handle-like-regular \" data-module-id=\"6f78d6f299d\" data-module=\"DSLC_Text_Simple\" data-dslc-module-size=\"12\" data-dslc-anim=\"none\" data-dslc-anim-delay=\"0\" data-dslc-anim-duration=\"650\"  data-dslc-anim-easing=\"ease\" data-dslc-preset=\"none\" >\r\n\r\n\t\t\t\r\n\t\t\t\r\n\t\t\n\t\t<div class=\"dslc-text-module-content\">\n\t\t\t<p style=\"text-align: right;\"><a href=\"https:\/\/autoquartett.driving.legal\/?page_id=175\">Hier gehts direkt zum Autoquartett-Blog<\/a><\/p>\t\t<\/div>\n\n\t\t\r\n\t\t\t\t<\/div><!-- .dslc-module -->\r\n\t\t\r\n\t\t<div id=\"dslc-module-1\" class=\"dslc-module-front dslc-module-DSLC_Text_Simple dslc-in-viewport-check dslc-in-viewport-anim-none  dslc-col dslc-12-col dslc-last-col  dslc-module-handle-like-regular \" data-module-id=\"1\" data-module=\"DSLC_Text_Simple\" data-dslc-module-size=\"12\" data-dslc-anim=\"none\" data-dslc-anim-delay=\"0\" data-dslc-anim-duration=\"650\"  data-dslc-anim-easing=\"ease\" data-dslc-preset=\"none\" >\r\n\r\n\t\t\t\r\n\t\t\t\r\n\t\t\n\t\t<div class=\"dslc-text-module-content\">\n\t\t\t<h1 class=\"p1\">Autoquartett \u2013 Blog<\/h1><p class=\"p1\"><span class=\"s1\">Jeden Sonntag neu unter <a href=\"http:\/\/www.driving.legal\" data-mce-href=\"http:\/\/www.driving.legal\"><span class=\"s2\">www.driving.legal<\/span><\/a> sowie Social Media<\/span><\/p><p class=\"p1\">\u00a0\u00a0<\/p><p class=\"p2\">\u201eUmin\u201c (U\/min oder eben Umdrehungen pro Minute) war die Kennzahl beim Autoquartett, bei der wir nie recht wussten, ob jetzt die h\u00f6here Zahl besser ist oder die tiefere und v.a. auch, was diese Angabe bedeutet. Und wie so oft in der Primarschulzeit fachsimpelten wir zwar wie Profis aber schliesslich z\u00e4hlte dann halt einfach das Gr\u00f6ssere.<\/p><p class=\"p2\">\u00a0<\/p><h2 class=\"p2\"><span class=\"s1\">Herzlich willkommen zum Autoquartett-Blog!<\/span><\/h2><p>Die Freude an Autos ist immer mit den Sinnen verbunden: Neben dem Design geh\u00f6rt auch die faszinierende Technik dazu, der Klang eines Motors sowie die Fahrleistungen. Wer Autoquartett spielte, kannte dann auch die jeweils oft \u00fcbertriebenen, aber umso beeindruckenderen Werksangaben. Dazu geh\u00f6rten die fast sagenumwobenen \u201eU\/min\u201c.<\/p><p><br><\/p><p>Mit meinem Blog m\u00f6chte ich Ihnen einerseits Trouvaillen von fr\u00fcher und heute zeigen. Andererseits finden Sie wie beim Quartett die \u00fcblichen technischen Daten dazu und nat\u00fcrlich auch die \u201eU\/min\u201c, wobei diese gerade bei \u00e4lteren Autos nicht immer ganz so einfach rauszufinden sind. Und nat\u00fcrlich - wie es sich f\u00fcr einen Anwalt geh\u00f6rt \u2013 alles immer ohne Gew\u00e4hr, aber daf\u00fcr offen f\u00fcr Korrekturen.<\/p><p>\u00a0<br><\/p><p>Und dann gibt es noch eine andere Identifikation mit Autos, n\u00e4mlich \u00fcber Filme, Schauspieler und TV-Serien. Matula von ein Fall f\u00fcr Zwei war so ein charismatischer Autofahrer. Und nat\u00fcrlich allen voran James Bond. Deshalb habe ich die Kategorisierung mit Film- und TV-Gr\u00f6ssen eingef\u00fchrt. Diese Kategorisierung ist nicht ganz ernst gemeint und zielt darauf ab, welches Quartettauto zu welchem Film\/Fahrer passt. Kommentare sind willkommen.<br>\u00a0<br>Hin und wieder wird es auch ein paar Joker-Karten geben, mit Hinweisen auf Veranstaltungen, n\u00fctzlichen oder am\u00fcsanten Links, etc.<br>\u00a0<br>Gerne w\u00fcnsche ich Ihnen viel Spass und ich freue mich \u00fcber Kommentare ebenso wie auch \u00fcber Ihre Fotos von oder Links \u00fcber Ihre automobilen Erinnerungen und Entdeckungen.<br><\/p><p class=\"p2\">\u00a0<\/p><p class=\"p2\"><span class=\"s1\">Autoaffine Gr\u00fcsse<\/span><\/p><p class=\"p2\"><span class=\"s1\">Rainer Riek<\/span><\/p><p class=\"p2\">\u00a0<\/p><h6><span class=\"s1\">DL\u00a0<\/span><span class=\"s1\">DRIVING.LEGAL<\/span><\/h6><p class=\"p2\">Rund ums Fahren:<\/p><p class=\"p2\">Geschwindigkeit, Bussenrechner, Ausweisentzug<\/p><p class=\"p2\">\u00a0<\/p><p class=\"p2\"><span class=\"s1\">driving.legal,\u00a0<\/span><span class=\"s1\">Gartenstrasse 4,\u00a0<\/span><span class=\"s1\">Postfach, 6302 Zug<\/span><\/p><p class=\"p2\"><span class=\"s1\"><a href=\"mailto:info@driving.legal\" data-mce-href=\"mailto:info@driving.legal\"><span class=\"s3\">info@driving.legal<\/span><\/a><\/span><\/p><p class=\"p2\"><span class=\"s1\">041 728 71 61<\/span><\/p>\t\t<\/div>\n\n\t\t\r\n\t\t\t\t<\/div><!-- .dslc-module -->\r\n\t\t<\/div><\/div><\/div><\/div><div id=\"dslc-footer\" class=\"dslc-footer-pos-relative \" data-hf >\r\n\t\t\t<div  class=\"dslc-modules-section \" style=\"background-color:rgb(255,255,255);\" data-section-id=\"46c9a9bafad\">\r\n\t\t\t\t\r\n\t\t\t\t\r\n\t\t\t\t<div class=\"dslc-modules-section-wrapper dslc-clearfix\"><style type=\"text\/css\" id=\"dslca-modules-area-\"><\/style><div  class=\"dslc-modules-area dslc-col dslc-12-col dslc-last-col dslc-valign- \" data-size=\"12\" data-valign=\"\" data-modules-area-id=\"\" >\r\n\t\t<div id=\"dslc-module-29\" class=\"dslc-module-front dslc-module-DSLC_Widgets dslc-in-viewport-check dslc-in-viewport-anim-none  dslc-col dslc-12-col dslc-last-col  dslc-module-handle-like-regular \" data-module-id=\"29\" data-module=\"DSLC_Widgets\" data-dslc-module-size=\"12\" data-dslc-anim=\"none\" data-dslc-anim-delay=\"0\" data-dslc-anim-duration=\"650\"  data-dslc-anim-easing=\"ease\" data-dslc-preset=\"none\" >\r\n\r\n\t\t\t\r\n\t\t\t\r\n\t\t\t\t\t<div class=\"dslc-widgets dslc-clearfix dslc-widgets-4-col\">\n\t\t\t\t<div class=\"dslc-widgets-wrap dslc-clearfix\">\n\t\t\t\t\t\t\t\t\t<\/div>\n\t\t\t<\/div>\n\t\t\r\n\t\t\t\t<\/div><!-- .dslc-module -->\r\n\t\t<\/div><\/div><\/div>\r\n\t\t\t<div  class=\"dslc-modules-section \" style=\"padding-bottom:10px;padding-top:10px;background-color:rgb(243,241,241);\" data-section-id=\"11782d7f426\">\r\n\t\t\t\t\r\n\t\t\t\t\r\n\t\t\t\t<div class=\"dslc-modules-section-wrapper dslc-clearfix\"><style type=\"text\/css\" id=\"dslca-modules-area-\"><\/style><div  class=\"dslc-modules-area dslc-col dslc-6-col dslc-first-col dslc-valign- \" data-size=\"6\" data-valign=\"\" data-modules-area-id=\"\" >\r\n\t\t<div id=\"dslc-module-26\" class=\"dslc-module-front dslc-module-DSLC_Separator dslc-in-viewport-check dslc-in-viewport-anim-none  dslc-col dslc-12-col dslc-last-col  dslc-module-handle-like-regular \" data-module-id=\"26\" data-module=\"DSLC_Separator\" data-dslc-module-size=\"12\" data-dslc-anim=\"none\" data-dslc-anim-delay=\"0\" data-dslc-anim-duration=\"650\"  data-dslc-anim-easing=\"ease\" data-dslc-preset=\"none\" >\r\n\r\n\t\t\t\r\n\t\t\t\r\n\t\t\t\t\t<div class=\"dslc-separator-wrapper\">\n\t\t\t\t<div class=\"dslc-separator dslc-separator-style-invisible\">\n\t\t\t\t\t\t\t\t\t<\/div>\n\t\t\t\t<div><\/div>\n\t\t\t<\/div><!-- .dslc-separator-wrapper -->\n\t\t\t\r\n\t\t\t\t<\/div><!-- .dslc-module -->\r\n\t\t\r\n\t\t<div id=\"dslc-module-30\" class=\"dslc-module-front dslc-module-DSLC_Text_Simple dslc-in-viewport-check dslc-in-viewport-anim-none  dslc-col dslc-12-col dslc-last-col  dslc-module-handle-like-regular \" data-module-id=\"30\" data-module=\"DSLC_Text_Simple\" data-dslc-module-size=\"12\" data-dslc-anim=\"none\" data-dslc-anim-delay=\"0\" data-dslc-anim-duration=\"650\"  data-dslc-anim-easing=\"ease\" data-dslc-preset=\"none\" >\r\n\r\n\t\t\t\r\n\t\t\t\r\n\t\t\n\t\t<div class=\"dslc-text-module-content\">\n\t\t\t<p>\u00a9 2025 <a href=\"http:\/\/driving.legal\/kontakt.html\" target=\"_blank\" rel=\"noopener\">driving.legal<\/a> | <a href=\"mailto:r.riek@zp-law.ch\" target=\"_blank\" rel=\"noopener\">Dr. Rainer Riek (zp-law.ch)<\/a> | <a href=\"http:\/\/driving.legal\/disclaimer_en.html\" target=\"_blank\" rel=\"noopener\">Disclaimer<\/a><\/p>\t\t<\/div>\n\n\t\t\r\n\t\t\t\t<\/div><!-- .dslc-module -->\r\n\t\t<\/div><style type=\"text\/css\" id=\"dslca-modules-area-\"><\/style><div  class=\"dslc-modules-area dslc-col dslc-6-col dslc-last-col dslc-valign- \" data-size=\"6\" data-valign=\"\" data-modules-area-id=\"\" >\r\n\t\t<div id=\"dslc-module-87snf73952\" class=\"dslc-module-front dslc-module-DSLC_Text_Simple dslc-in-viewport-check dslc-in-viewport-anim-none  dslc-col dslc-12-col dslc-last-col  dslc-module-handle-like-regular \" data-module-id=\"87snf73952\" data-module=\"DSLC_Text_Simple\" data-dslc-module-size=\"12\" data-dslc-anim=\"none\" data-dslc-anim-delay=\"0\" data-dslc-anim-duration=\"650\"  data-dslc-anim-easing=\"ease\" data-dslc-preset=\"none\" >\r\n\r\n\t\t\t\r\n\t\t\t\r\n\t\t\n\t\t<div class=\"dslc-text-module-content\">\n\t\t\t<p><a href=\"https:\/\/www.instagram.com\/driving.legal\/\" target=\"_blank\"><img class=\"alignright wp-image-363\" src=\"https:\/\/autoquartett.driving.legal\/wp-content\/uploads\/2016\/12\/Social-Media-Icons-06-150x150.png\" width=\"30\" height=\"30\"><\/a> <a href=\"https:\/\/plus.google.com\/+DrivingLegal\" target=\"_blank\"><img class=\"alignright wp-image-362\" src=\"https:\/\/autoquartett.driving.legal\/wp-content\/uploads\/2016\/12\/Social-Media-Icons-05-150x150.png\" width=\"30\" height=\"30\"><\/a> <a href=\"https:\/\/twitter.com\/drivinglegalch\" target=\"_blank\"><img class=\"alignright wp-image-361\" src=\"https:\/\/autoquartett.driving.legal\/wp-content\/uploads\/2016\/12\/Social-Media-Icons-04-150x150.png\" width=\"30\" height=\"30\"><\/a> <a href=\"https:\/\/www.linkedin.com\/groups\/8585273\" target=\"_blank\"><img class=\"alignright wp-image-360\" src=\"https:\/\/autoquartett.driving.legal\/wp-content\/uploads\/2016\/12\/Social-Media-Icons-03-150x150.png\" width=\"30\" height=\"30\"><\/a> <a href=\"https:\/\/www.xing.com\/communities\/groups\/driving-punkt-legal-dc86-1093648\" target=\"_blank\"><img class=\"alignright wp-image-359\" src=\"https:\/\/autoquartett.driving.legal\/wp-content\/uploads\/2016\/12\/Social-Media-Icons-02-150x150.png\" width=\"30\" height=\"30\"><\/a> <a href=\"https:\/\/www.facebook.com\/drivinglegal-369685556706011\/?fref=ts\" target=\"_blank\"><img class=\"alignright wp-image-358\" src=\"https:\/\/autoquartett.driving.legal\/wp-content\/uploads\/2016\/12\/Social-Media-Icons-01-150x150.png\" width=\"30\" height=\"30\"><\/a><\/p><p>\u00a0<\/p>\t\t<\/div>\n\n\t\t\r\n\t\t\t\t<\/div><!-- .dslc-module -->\r\n\t\t<\/div><\/div><\/div><\/div><\/div>","protected":false},"excerpt":{"rendered":"<p>ABOUT HOME DRIVING LEGAL - Select -ABOUTHOMEDRIVING LEGAL Hier gehts direkt zum Autoquartett-Blog Autoquartett \u2013 BlogJeden Sonntag neu unter www.driving.legal sowie Social Media\u00a0\u00a0\u201eUmin\u201c (U\/min oder eben Umdrehungen pro Minute) war die Kennzahl beim Autoquartett, bei der wir nie recht wussten, ob jetzt die h\u00f6here Zahl besser ist oder die tiefere und v.a. auch, was diese [&hellip;]<\/p>\n","protected":false},"author":1,"featured_media":0,"parent":0,"menu_order":0,"comment_status":"open","ping_status":"closed","template":"","meta":{"footnotes":""},"class_list":["post-2","page","type-page","status-publish","hentry"],"_links":{"self":[{"href":"https:\/\/autoquartett.driving.legal\/index.php?rest_route=\/wp\/v2\/pages\/2","targetHints":{"allow":["GET"]}}],"collection":[{"href":"https:\/\/autoquartett.driving.legal\/index.php?rest_route=\/wp\/v2\/pages"}],"about":[{"href":"https:\/\/autoquartett.driving.legal\/index.php?rest_route=\/wp\/v2\/types\/page"}],"author":[{"embeddable":true,"href":"https:\/\/autoquartett.driving.legal\/index.php?rest_route=\/wp\/v2\/users\/1"}],"replies":[{"embeddable":true,"href":"https:\/\/autoquartett.driving.legal\/index.php?rest_route=%2Fwp%2Fv2%2Fcomments&post=2"}],"version-history":[{"count":0,"href":"https:\/\/autoquartett.driving.legal\/index.php?rest_route=\/wp\/v2\/pages\/2\/revisions"}],"wp:attachment":[{"href":"https:\/\/autoquartett.driving.legal\/index.php?rest_route=%2Fwp%2Fv2%2Fmedia&parent=2"}],"curies":[{"name":"wp","href":"https:\/\/api.w.org\/{rel}","templated":true}]}}